{"id":57,"date":"2024-02-27T16:45:05","date_gmt":"2024-02-27T16:45:05","guid":{"rendered":"https:\/\/esperance.greengoosemanor.co.uk\/index.php\/home\/"},"modified":"2026-03-19T15:06:55","modified_gmt":"2026-03-19T15:06:55","slug":"home","status":"publish","type":"page","link":"https:\/\/esperance.greengoosemanor.co.uk\/","title":{"rendered":"Home"},"content":{"rendered":"\t\t<div data-elementor-type=\"wp-page\" data-elementor-id=\"57\" class=\"elementor elementor-57\" data-elementor-post-type=\"page\">\n\t\t\t\t<div class=\"elementor-element elementor-element-511dedfc e-flex e-con-boxed e-con e-parent\" data-id=\"511dedfc\" data-element_type=\"container\" data-e-type=\"container\" data-settings=\"{&quot;background_background&quot;:&quot;classic&quot;}\">\n\t\t\t\t\t<div class=\"e-con-inner\">\n\t\t\t\t<div class=\"elementor-element elementor-element-d92a2d2 elementor-widget elementor-widget-image\" data-id=\"d92a2d2\" data-element_type=\"widget\" data-e-type=\"widget\" data-widget_type=\"image.default\">\n\t\t\t\t\t\t\t\t\t\t\t\t\t\t\t<img decoding=\"async\" width=\"195\" height=\"74\" src=\"https:\/\/esperance.greengoosemanor.co.uk\/wp-content\/uploads\/2026\/03\/logo_wt.png\" class=\"attachment-large size-large wp-image-258\" alt=\"\" \/>\t\t\t\t\t\t\t\t\t\t\t\t\t\t\t<\/div>\n\t\t\t\t<div class=\"elementor-element elementor-element-592b6334 elementor-widget__width-initial elementor-widget-mobile__width-initial elementor-widget elementor-widget-heading\" data-id=\"592b6334\" data-element_type=\"widget\" data-e-type=\"widget\" data-widget_type=\"heading.default\">\n\t\t\t\t\t<h1 class=\"elementor-heading-title elementor-size-default\">Esp\u00e9rance des Nations \n\u00e0 Saint Hilaire du \nHarcou\u00ebt<\/h1>\t\t\t\t<\/div>\n\t\t\t\t<div class=\"elementor-element elementor-element-ee912a5 elementor-widget elementor-widget-button\" data-id=\"ee912a5\" data-element_type=\"widget\" data-e-type=\"widget\" data-widget_type=\"button.default\">\n\t\t\t\t\t\t\t\t\t\t<a class=\"elementor-button elementor-button-link elementor-size-sm\" href=\"https:\/\/esperance.greengoosemanor.co.uk\/?page_id=41\">\n\t\t\t\t\t\t<span class=\"elementor-button-content-wrapper\">\n\t\t\t\t\t\t\t\t\t<span class=\"elementor-button-text\">Contact<\/span>\n\t\t\t\t\t<\/span>\n\t\t\t\t\t<\/a>\n\t\t\t\t\t\t\t\t<\/div>\n\t\t\t\t\t<\/div>\n\t\t\t\t<\/div>\n\t\t<div class=\"elementor-element elementor-element-8777e4e e-flex e-con-boxed e-con e-parent\" data-id=\"8777e4e\" data-element_type=\"container\" data-e-type=\"container\">\n\t\t\t\t\t<div class=\"e-con-inner\">\n\t\t\t\t<div class=\"elementor-element elementor-element-875746f elementor-widget elementor-widget-heading\" data-id=\"875746f\" data-element_type=\"widget\" data-e-type=\"widget\" data-widget_type=\"heading.default\">\n\t\t\t\t\t<h2 class=\"elementor-heading-title elementor-size-default\">Bienvenue!<\/h2>\t\t\t\t<\/div>\n\t\t\t\t<div class=\"elementor-element elementor-element-ce42d5d elementor-widget elementor-widget-text-editor\" data-id=\"ce42d5d\" data-element_type=\"widget\" data-e-type=\"widget\" data-widget_type=\"text-editor.default\">\n\t\t\t\t\t\t\t\t\t<p><span dir=\"ltr\" role=\"presentation\">Nous sommes une joyeuse petite assembl\u00e9e de femmes,<\/span>\u00a0<span dir=\"ltr\" role=\"presentation\">d\u2019hommes, de jeunes et\u00a0<\/span><span dir=\"ltr\" role=\"presentation\">d\u2019enfants, \u00e2g\u00e9s entre 3 et 90 ans, d\u2019arri\u00e8re-plans<\/span>\u00a0<span dir=\"ltr\" role=\"presentation\">diff\u00e9rents (fran\u00e7ais, anglais,\u00a0<\/span><span dir=\"ltr\" role=\"presentation\">n\u00e9erlandais, camerounais, \u00e9quatorien, congolais, sud-africain\u2026),<\/span>\u00a0<span dir=\"ltr\" role=\"presentation\">mais tous\u00a0<\/span><span dir=\"ltr\" role=\"presentation\">reconnaissants \u00e0 Dieu d\u2019\u00eatre intervenu dans notre<\/span>\u00a0<span dir=\"ltr\" role=\"presentation\">vie pour nous donner un avenir\u00a0<\/span><span dir=\"ltr\" role=\"presentation\">et une esp\u00e9rance, et d\u00e9sireux de partager cela avec<\/span>\u00a0<span dir=\"ltr\" role=\"presentation\">celles et ceux qui nous\u00a0<\/span><span dir=\"ltr\" role=\"presentation\">entourent.<br \/><\/span><br role=\"presentation\" \/><span dir=\"ltr\" role=\"presentation\">Nos cultes sont d\u00e9contract\u00e9s, mais riches en exp\u00e9rience<\/span>\u00a0<span dir=\"ltr\" role=\"presentation\">de la pr\u00e9sence de Dieu,\u00a0<\/span><span dir=\"ltr\" role=\"presentation\">de la solidit\u00e9 de sa Parole et de l\u2019action de son<\/span>\u00a0<span dir=\"ltr\" role=\"presentation\">Esprit \u2013 et se terminent avec un\u00a0<\/span><span dir=\"ltr\" role=\"presentation\">repas partag\u00e9.<br \/><\/span><br role=\"presentation\" \/><span dir=\"ltr\" role=\"presentation\">Nous faisons partie d\u2019une famille d\u2019\u00e9glises internationale,<\/span>\u00a0<a href=\"https:\/\/new-ground.fr\/wp\/\"><span dir=\"ltr\" role=\"presentation\">New Ground<\/span><\/a><span dir=\"ltr\" role=\"presentation\">, qui nous donne une perspective<\/span>\u00a0<span dir=\"ltr\" role=\"presentation\">pr\u00e9cieuse, incluant\u00a0<\/span><span dir=\"ltr\" role=\"presentation\">et allant au-del\u00e0 de cette belle r\u00e9gion de la Normandie.<\/span><br role=\"presentation\" \/><span dir=\"ltr\" role=\"presentation\"><br \/>Nous serions ravis de vous accueillir parmi nous !<\/span><\/p>\t\t\t\t\t\t\t\t<\/div>\n\t\t\t\t<div class=\"elementor-element elementor-element-8597bd9 elementor-widget elementor-widget-text-editor\" data-id=\"8597bd9\" data-element_type=\"widget\" data-e-type=\"widget\" data-widget_type=\"text-editor.default\">\n\t\t\t\t\t\t\t\t\t<p>Paul Hayter<\/p>\t\t\t\t\t\t\t\t<\/div>\n\t\t\t\t<div class=\"elementor-element elementor-element-abf96bb elementor-widget elementor-widget-text-editor\" data-id=\"abf96bb\" data-element_type=\"widget\" data-e-type=\"widget\" data-widget_type=\"text-editor.default\">\n\t\t\t\t\t\t\t\t\t<p>Paul Hayter &#8211; Pasteur<\/p>\t\t\t\t\t\t\t\t<\/div>\n\t\t\t\t\t<\/div>\n\t\t\t\t<\/div>\n\t\t<div class=\"elementor-element elementor-element-4d81ab8 e-flex e-con-boxed e-con e-parent\" data-id=\"4d81ab8\" data-element_type=\"container\" data-e-type=\"container\" id=\"meetings\">\n\t\t\t\t\t<div class=\"e-con-inner\">\n\t\t<div class=\"elementor-element elementor-element-d746dc3 e-con-full e-flex e-con e-child\" data-id=\"d746dc3\" data-element_type=\"container\" data-e-type=\"container\">\n\t\t\t\t<div class=\"elementor-element elementor-element-b6f5c80 elementor-widget elementor-widget-heading\" data-id=\"b6f5c80\" data-element_type=\"widget\" data-e-type=\"widget\" data-widget_type=\"heading.default\">\n\t\t\t\t\t<h2 class=\"elementor-heading-title elementor-size-default\">L\u00e0 o\u00f9 nous nous rencontrons<\/h2>\t\t\t\t<\/div>\n\t\t\t\t<div class=\"elementor-element elementor-element-154804f elementor-widget elementor-widget-text-editor\" data-id=\"154804f\" data-element_type=\"widget\" data-e-type=\"widget\" data-widget_type=\"text-editor.default\">\n\t\t\t\t\t\t\t\t\t<p>Time : 10h30 &#8211; 12h<br \/>Address : Chapelle des Ap\u00f4tres, Coll\u00e8ge Immacul\u00e9e Conception, 60<br \/>Boulevard Gambetta, 50600 St Hilaire-du-Harcou\u00ebt<\/p>\t\t\t\t\t\t\t\t<\/div>\n\t\t\t\t<\/div>\n\t\t<div class=\"elementor-element elementor-element-41cda2e e-con-full e-flex e-con e-child\" data-id=\"41cda2e\" data-element_type=\"container\" data-e-type=\"container\">\n\t\t\t\t<div class=\"elementor-element elementor-element-4e66e71 elementor-widget elementor-widget-google_maps\" data-id=\"4e66e71\" data-element_type=\"widget\" data-e-type=\"widget\" data-widget_type=\"google_maps.default\">\n\t\t\t\t\t\t\t<div class=\"elementor-custom-embed\">\n\t\t\t<iframe loading=\"lazy\"\n\t\t\t\t\tsrc=\"https:\/\/maps.google.com\/maps?q=66%2C%20boulevard%20Gambetta%20%C3%A0%20St%20Hilaire%20du%20Harcou%C3%ABt&#038;t=m&#038;z=10&#038;output=embed&#038;iwloc=near\"\n\t\t\t\t\ttitle=\"66, boulevard Gambetta \u00e0 St Hilaire du Harcou\u00ebt\"\n\t\t\t\t\taria-label=\"66, boulevard Gambetta \u00e0 St Hilaire du Harcou\u00ebt\"\n\t\t\t><\/iframe>\n\t\t<\/div>\n\t\t\t\t\t\t<\/div>\n\t\t\t\t<\/div>\n\t\t\t\t\t<\/div>\n\t\t\t\t<\/div>\n\t\t<div class=\"elementor-element elementor-element-c25dc88 e-flex e-con-boxed e-con e-parent\" data-id=\"c25dc88\" data-element_type=\"container\" data-e-type=\"container\" data-settings=\"{&quot;background_background&quot;:&quot;classic&quot;}\">\n\t\t\t\t\t<div class=\"e-con-inner\">\n\t\t\t\t<div class=\"elementor-element elementor-element-15a80f8 elementor-widget__width-initial elementor-absolute elementor-widget elementor-widget-image\" data-id=\"15a80f8\" data-element_type=\"widget\" data-e-type=\"widget\" data-settings=\"{&quot;_position&quot;:&quot;absolute&quot;}\" data-widget_type=\"image.default\">\n\t\t\t\t\t\t\t\t\t\t\t\t\t\t\t<img decoding=\"async\" width=\"144\" height=\"144\" src=\"https:\/\/esperance.greengoosemanor.co.uk\/wp-content\/uploads\/2024\/11\/EDN_favicon144.png\" class=\"attachment-thumbnail size-thumbnail wp-image-222\" alt=\"\" \/>\t\t\t\t\t\t\t\t\t\t\t\t\t\t\t<\/div>\n\t\t<div class=\"elementor-element elementor-element-edad34a e-con-full e-flex e-con e-child\" data-id=\"edad34a\" data-element_type=\"container\" data-e-type=\"container\">\n\t\t\t\t<div class=\"elementor-element elementor-element-36aec7a elementor-widget elementor-widget-text-editor\" data-id=\"36aec7a\" data-element_type=\"widget\" data-e-type=\"widget\" data-widget_type=\"text-editor.default\">\n\t\t\t\t\t\t\t\t\t<div>\u00a0<\/div><p>\u201cThis church has been the best<br \/>thing that\u2019s happened to me <br \/>since coming to France\u201d<\/p>\t\t\t\t\t\t\t\t<\/div>\n\t\t\t\t<div class=\"elementor-element elementor-element-3e91407 elementor-widget elementor-widget-text-editor\" data-id=\"3e91407\" data-element_type=\"widget\" data-e-type=\"widget\" data-widget_type=\"text-editor.default\">\n\t\t\t\t\t\t\t\t\t<p>Mandy B.<\/p>\t\t\t\t\t\t\t\t<\/div>\n\t\t\t\t<\/div>\n\t\t\t\t\t<\/div>\n\t\t\t\t<\/div>\n\t\t<div class=\"elementor-element elementor-element-5ede860 e-flex e-con-boxed e-con e-parent\" data-id=\"5ede860\" data-element_type=\"container\" data-e-type=\"container\">\n\t\t\t\t\t<div class=\"e-con-inner\">\n\t\t\t\t<div class=\"elementor-element elementor-element-e1fa9ff elementor-widget elementor-widget-heading\" data-id=\"e1fa9ff\" data-element_type=\"widget\" data-e-type=\"widget\" data-widget_type=\"heading.default\">\n\t\t\t\t\t<h2 class=\"elementor-heading-title elementor-size-default\">Notre Histoire<\/h2>\t\t\t\t<\/div>\n\t\t\t\t<div class=\"elementor-element elementor-element-8759dc1 elementor-widget elementor-widget-text-editor\" data-id=\"8759dc1\" data-element_type=\"widget\" data-e-type=\"widget\" data-widget_type=\"text-editor.default\">\n\t\t\t\t\t\t\t\t\t<p>En 2011, lors de quelques jours de je\u00fbne et de pri\u00e8re en Angleterre avec des responsables de notre famille d&rsquo;\u00e9glises, quelqu&rsquo;un a re\u00e7u l&rsquo;image proph\u00e9tique d&rsquo;un arc en or, \u00e9tendu sur la c\u00f4te nord de la France. A l&rsquo;extr\u00e9mit\u00e9 ouest se trouvait Rennes, et \u00e0 l&rsquo;autre extr\u00e9mit\u00e9 on voyait la fronti\u00e8re avec la Belgique.<\/p><p>Nous avons vite compris que Dieu nous parlait d&rsquo;un r\u00e9seau d&rsquo;implantation d&rsquo;\u00e9glises sur la trac\u00e9e de cet arc : il y avait d\u00e9j\u00e0 une \u00e9glise \u00e0 Rennes et une au Havre, et cette derni\u00e8re comptait<br \/>commencer un Parcours Alpha \u00e0 Dieppe, en vue d&rsquo;une \u00e9ventuelle implantation dans l&rsquo;avenir.<\/p><p>A la m\u00eame \u00e9poque, une \u00e9quipe bas\u00e9e dans l&rsquo;est de l&rsquo;Angleterre r\u00e9fl\u00e9chissait sur l&rsquo;\u00e9ventualit\u00e9 d&rsquo;implanter sur Lille, mais il restait \u00e0 savoir comment l&rsquo;\u00e9glise &lsquo;La Rencontre&rsquo; (l\u2019ancienne nom de l\u2019\u00e9glise \u2018Esp\u00e9rance des Nations\u2019) pouvait r\u00e9agir \u00e0 cette direction proph\u00e9tique&#8230;<\/p><p>L&rsquo;arriv\u00e9e \u00e0 &lsquo;La Rencontre&rsquo; de Jim &amp; Christine Cousins, un couple de retrait\u00e9s anglais, qui avaient senti Dieu leur dire de s&rsquo;installer d\u00e9finitivement dans leur maison de vacances \u00e0 Buais (pr\u00e8s de St Hilaire-du-Harcou\u00ebt) a d\u00e9clench\u00e9 les choses. En l&rsquo;espace de quelques semaines, sans qu&rsquo;on aille les chercher, il y avait trois familles de la<br \/>r\u00e9gion de St Hilaire qui assistaient au culte \u00e0 Rennes.<\/p><p>Ayant compris qu&rsquo;il s&rsquo;agissait de la direction et du timing de Dieu, nous avons commenc\u00e9 \u00e0 nous r\u00e9unir dans la r\u00e9gion en janvier 2012, avec la vision d&rsquo;implanter une \u00e9glise qui aurait un impact pour le Royaume de Dieu dans ce d\u00e9sert spirituel.<\/p>\t\t\t\t\t\t\t\t<\/div>\n\t\t\t\t\t<\/div>\n\t\t\t\t<\/div>\n\t\t\t\t<\/div>\n\t\t","protected":false},"excerpt":{"rendered":"<p>Esp\u00e9rance des Nations \u00e0 Saint Hilaire du Harcou\u00ebt Contact Bienvenue! Nous sommes une joyeuse petite assembl\u00e9e de femmes,\u00a0d\u2019hommes, de jeunes et\u00a0d\u2019enfants, \u00e2g\u00e9s entre 3 et 90 ans, d\u2019arri\u00e8re-plans\u00a0diff\u00e9rents (fran\u00e7ais, anglais,\u00a0n\u00e9erlandais, camerounais, \u00e9quatorien, congolais, sud-africain\u2026),\u00a0mais tous\u00a0reconnaissants \u00e0 Dieu d\u2019\u00eatre intervenu dans notre\u00a0vie pour nous donner un avenir\u00a0et une esp\u00e9rance, et d\u00e9sireux de partager cela avec\u00a0celles et [&hellip;]<\/p>\n","protected":false},"author":1,"featured_media":72,"parent":0,"menu_order":0,"comment_status":"closed","ping_status":"closed","template":"elementor_header_footer","meta":{"footnotes":""},"class_list":["post-57","page","type-page","status-publish","has-post-thumbnail","hentry"],"_links":{"self":[{"href":"https:\/\/esperance.greengoosemanor.co.uk\/index.php?rest_route=\/wp\/v2\/pages\/57","targetHints":{"allow":["GET"]}}],"collection":[{"href":"https:\/\/esperance.greengoosemanor.co.uk\/index.php?rest_route=\/wp\/v2\/pages"}],"about":[{"href":"https:\/\/esperance.greengoosemanor.co.uk\/index.php?rest_route=\/wp\/v2\/types\/page"}],"author":[{"embeddable":true,"href":"https:\/\/esperance.greengoosemanor.co.uk\/index.php?rest_route=\/wp\/v2\/users\/1"}],"replies":[{"embeddable":true,"href":"https:\/\/esperance.greengoosemanor.co.uk\/index.php?rest_route=%2Fwp%2Fv2%2Fcomments&post=57"}],"version-history":[{"count":88,"href":"https:\/\/esperance.greengoosemanor.co.uk\/index.php?rest_route=\/wp\/v2\/pages\/57\/revisions"}],"predecessor-version":[{"id":427,"href":"https:\/\/esperance.greengoosemanor.co.uk\/index.php?rest_route=\/wp\/v2\/pages\/57\/revisions\/427"}],"wp:featuredmedia":[{"embeddable":true,"href":"https:\/\/esperance.greengoosemanor.co.uk\/index.php?rest_route=\/wp\/v2\/media\/72"}],"wp:attachment":[{"href":"https:\/\/esperance.greengoosemanor.co.uk\/index.php?rest_route=%2Fwp%2Fv2%2Fmedia&parent=57"}],"curies":[{"name":"wp","href":"https:\/\/api.w.org\/{rel}","templated":true}]}}