{"id":45,"date":"2024-02-27T16:45:00","date_gmt":"2024-02-27T16:45:00","guid":{"rendered":"https:\/\/esperance.greengoosemanor.co.uk\/index.php\/services\/"},"modified":"2026-03-19T14:40:19","modified_gmt":"2026-03-19T14:40:19","slug":"meetings","status":"publish","type":"page","link":"https:\/\/esperance.greengoosemanor.co.uk\/?page_id=45","title":{"rendered":"Nos r\u00e9unions"},"content":{"rendered":"\t\t<div data-elementor-type=\"wp-page\" data-elementor-id=\"45\" class=\"elementor elementor-45\" data-elementor-post-type=\"page\">\n\t\t\t\t<div class=\"elementor-element elementor-element-ad57078 e-flex e-con-boxed e-con e-parent\" data-id=\"ad57078\" data-element_type=\"container\" data-e-type=\"container\" data-settings=\"{&quot;background_background&quot;:&quot;classic&quot;}\">\n\t\t\t\t\t<div class=\"e-con-inner\">\n\t\t\t\t<div class=\"elementor-element elementor-element-c916735 elementor-widget elementor-widget-image\" data-id=\"c916735\" data-element_type=\"widget\" data-e-type=\"widget\" data-widget_type=\"image.default\">\n\t\t\t\t\t\t\t\t\t\t\t\t\t\t\t<img decoding=\"async\" width=\"195\" height=\"74\" src=\"https:\/\/esperance.greengoosemanor.co.uk\/wp-content\/uploads\/2026\/03\/logo_wt.png\" class=\"attachment-large size-large wp-image-258\" alt=\"\" \/>\t\t\t\t\t\t\t\t\t\t\t\t\t\t\t<\/div>\n\t\t\t\t<div class=\"elementor-element elementor-element-aae01d2 elementor-widget__width-initial elementor-widget-mobile__width-initial elementor-widget elementor-widget-heading\" data-id=\"aae01d2\" data-element_type=\"widget\" data-e-type=\"widget\" data-widget_type=\"heading.default\">\n\t\t\t\t\t<h1 class=\"elementor-heading-title elementor-size-default\">Nos r\u00e9unions<\/h1>\t\t\t\t<\/div>\n\t\t\t\t<div class=\"elementor-element elementor-element-9653da4 elementor-widget elementor-widget-button\" data-id=\"9653da4\" data-element_type=\"widget\" data-e-type=\"widget\" data-widget_type=\"button.default\">\n\t\t\t\t\t\t\t\t\t\t<a class=\"elementor-button elementor-button-link elementor-size-sm\" href=\"https:\/\/esperance.greengoosemanor.co.uk\/?page_id=41\">\n\t\t\t\t\t\t<span class=\"elementor-button-content-wrapper\">\n\t\t\t\t\t\t\t\t\t<span class=\"elementor-button-text\">Contact<\/span>\n\t\t\t\t\t<\/span>\n\t\t\t\t\t<\/a>\n\t\t\t\t\t\t\t\t<\/div>\n\t\t\t\t\t<\/div>\n\t\t\t\t<\/div>\n\t\t<div class=\"elementor-element elementor-element-679da40 e-flex e-con-boxed e-con e-parent\" data-id=\"679da40\" data-element_type=\"container\" data-e-type=\"container\">\n\t\t\t\t\t<div class=\"e-con-inner\">\n\t\t<div class=\"elementor-element elementor-element-93c9953 e-con-full e-flex e-con e-child\" data-id=\"93c9953\" data-element_type=\"container\" data-e-type=\"container\">\n\t\t\t\t<div class=\"elementor-element elementor-element-b4f00f0 elementor-widget elementor-widget-image\" data-id=\"b4f00f0\" data-element_type=\"widget\" data-e-type=\"widget\" data-widget_type=\"image.default\">\n\t\t\t\t\t\t\t\t\t\t\t\t\t\t\t<img fetchpriority=\"high\" decoding=\"async\" width=\"800\" height=\"566\" src=\"https:\/\/esperance.greengoosemanor.co.uk\/wp-content\/uploads\/2026\/03\/meetings-2-1024x724.webp\" class=\"attachment-large size-large wp-image-345\" alt=\"\" srcset=\"https:\/\/esperance.greengoosemanor.co.uk\/wp-content\/uploads\/2026\/03\/meetings-2-1024x724.webp 1024w, https:\/\/esperance.greengoosemanor.co.uk\/wp-content\/uploads\/2026\/03\/meetings-2-300x212.webp 300w, https:\/\/esperance.greengoosemanor.co.uk\/wp-content\/uploads\/2026\/03\/meetings-2-768x543.webp 768w, https:\/\/esperance.greengoosemanor.co.uk\/wp-content\/uploads\/2026\/03\/meetings-2.webp 1286w\" sizes=\"(max-width: 800px) 100vw, 800px\" \/>\t\t\t\t\t\t\t\t\t\t\t\t\t\t\t<\/div>\n\t\t\t\t<\/div>\n\t\t<div class=\"elementor-element elementor-element-bf6087b e-con-full e-flex e-con e-child\" data-id=\"bf6087b\" data-element_type=\"container\" data-e-type=\"container\">\n\t\t\t\t<div class=\"elementor-element elementor-element-7f3b011 elementor-widget elementor-widget-heading\" data-id=\"7f3b011\" data-element_type=\"widget\" data-e-type=\"widget\" data-widget_type=\"heading.default\">\n\t\t\t\t\t<h2 class=\"elementor-heading-title elementor-size-default\">Nos r\u00e9unions<\/h2>\t\t\t\t<\/div>\n\t\t\t\t<div class=\"elementor-element elementor-element-3096417 elementor-widget elementor-widget-heading\" data-id=\"3096417\" data-element_type=\"widget\" data-e-type=\"widget\" data-widget_type=\"heading.default\">\n\t\t\t\t\t<h5 class=\"elementor-heading-title elementor-size-default\">Nos cultes<\/h5>\t\t\t\t<\/div>\n\t\t\t\t<div class=\"elementor-element elementor-element-5898eec elementor-widget elementor-widget-text-editor\" data-id=\"5898eec\" data-element_type=\"widget\" data-e-type=\"widget\" data-widget_type=\"text-editor.default\">\n\t\t\t\t\t\t\t\t\t<p>Nos cultes sont d\u00e9contract\u00e9s, mais riches en exp\u00e9rience de la pr\u00e9sence de Dieu, de la solidit\u00e9 de sa Parole et de l\u2019action de son Esprit &#8211; et apr\u00e8s, il y a un repas partag\u00e9.<\/p><p>Un culte \u2018typique\u2019 commence par un temps de louange : des chants plut\u00f4t modernes, anim\u00e9s par un groupe de musiciens ou par l&rsquo;interm\u00e9diaire des enregistrements YouTube. Pendant ces moments, nous nous attendons \u00e0 ce que Dieu intervienne en inspirant des pri\u00e8res, la lecture des passages de la Bible ou des pens\u00e9es \u2018proph\u00e9tiques\u2019. Ensuite, il y a un enseignement sur un passage de la Bible ou un th\u00e8me biblique.<\/p>\t\t\t\t\t\t\t\t<\/div>\n\t\t\t\t<\/div>\n\t\t\t\t\t<\/div>\n\t\t\t\t<\/div>\n\t\t<div class=\"elementor-element elementor-element-2dc7605 e-flex e-con-boxed e-con e-parent\" data-id=\"2dc7605\" data-element_type=\"container\" data-e-type=\"container\">\n\t\t\t\t\t<div class=\"e-con-inner\">\n\t\t\t\t<div class=\"elementor-element elementor-element-99dec96 elementor-widget elementor-widget-heading\" data-id=\"99dec96\" data-element_type=\"widget\" data-e-type=\"widget\" data-widget_type=\"heading.default\">\n\t\t\t\t\t<h5 class=\"elementor-heading-title elementor-size-default\">Les enfants<\/h5>\t\t\t\t<\/div>\n\t\t\t\t<div class=\"elementor-element elementor-element-da1fb72 elementor-widget elementor-widget-text-editor\" data-id=\"da1fb72\" data-element_type=\"widget\" data-e-type=\"widget\" data-widget_type=\"text-editor.default\">\n\t\t\t\t\t\t\t\t\t<p>Les enfants participent au moment de louange avec les adultes, puis sont pris en charge par une \u00e9quipe d\u2019animateurs\/animatrices passionn\u00e9s et form\u00e9s.<\/p>\t\t\t\t\t\t\t\t<\/div>\n\t\t\t\t<div class=\"elementor-element elementor-element-a3b13fe elementor-widget elementor-widget-heading\" data-id=\"a3b13fe\" data-element_type=\"widget\" data-e-type=\"widget\" data-widget_type=\"heading.default\">\n\t\t\t\t\t<h5 class=\"elementor-heading-title elementor-size-default\">En semaine<\/h5>\t\t\t\t<\/div>\n\t\t\t\t<div class=\"elementor-element elementor-element-3c73a8f elementor-widget elementor-widget-text-editor\" data-id=\"3c73a8f\" data-element_type=\"widget\" data-e-type=\"widget\" data-widget_type=\"text-editor.default\">\n\t\t\t\t\t\t\t\t\t<p>Nous avons une r\u00e9union de pri\u00e8re en ligne une fois par mois, et sommes en train de r\u00e9fl\u00e9chir \u00e0 la mise en place de \u2018groupes de vie\u2019 \u00e0 partir de la rentr\u00e9e.<\/p>\t\t\t\t\t\t\t\t<\/div>\n\t\t\t\t\t<\/div>\n\t\t\t\t<\/div>\n\t\t<div class=\"elementor-element elementor-element-10ce4a0 e-flex e-con-boxed e-con e-parent\" data-id=\"10ce4a0\" data-element_type=\"container\" data-e-type=\"container\">\n\t\t\t\t\t<div class=\"e-con-inner\">\n\t\t<div class=\"elementor-element elementor-element-f6c99b0 e-con-full e-flex e-con e-child\" data-id=\"f6c99b0\" data-element_type=\"container\" data-e-type=\"container\">\n\t\t\t\t<div class=\"elementor-element elementor-element-d02e085 elementor-widget elementor-widget-heading\" data-id=\"d02e085\" data-element_type=\"widget\" data-e-type=\"widget\" data-widget_type=\"heading.default\">\n\t\t\t\t\t<h2 class=\"elementor-heading-title elementor-size-default\">L\u00e0 o\u00f9 nous nous rencontrons<\/h2>\t\t\t\t<\/div>\n\t\t\t\t<div class=\"elementor-element elementor-element-9260d98 elementor-widget elementor-widget-text-editor\" data-id=\"9260d98\" data-element_type=\"widget\" data-e-type=\"widget\" data-widget_type=\"text-editor.default\">\n\t\t\t\t\t\t\t\t\t<p>Time : 10h30 &#8211; 12h<br \/>Address : Chapelle des Ap\u00f4tres, Coll\u00e8ge Immacul\u00e9e Conception, 60<br \/>Boulevard Gambetta, 50600 St Hilaire-du-Harcou\u00ebt<\/p>\t\t\t\t\t\t\t\t<\/div>\n\t\t\t\t<\/div>\n\t\t<div class=\"elementor-element elementor-element-dcb6e3d e-con-full e-flex e-con e-child\" data-id=\"dcb6e3d\" data-element_type=\"container\" data-e-type=\"container\">\n\t\t\t\t<div class=\"elementor-element elementor-element-27a11dc elementor-widget elementor-widget-google_maps\" data-id=\"27a11dc\" data-element_type=\"widget\" data-e-type=\"widget\" data-widget_type=\"google_maps.default\">\n\t\t\t\t\t\t\t<div class=\"elementor-custom-embed\">\n\t\t\t<iframe loading=\"lazy\"\n\t\t\t\t\tsrc=\"https:\/\/maps.google.com\/maps?q=66%2C%20boulevard%20Gambetta%20%C3%A0%20St%20Hilaire%20du%20Harcou%C3%ABt&#038;t=m&#038;z=10&#038;output=embed&#038;iwloc=near\"\n\t\t\t\t\ttitle=\"66, boulevard Gambetta \u00e0 St Hilaire du Harcou\u00ebt\"\n\t\t\t\t\taria-label=\"66, boulevard Gambetta \u00e0 St Hilaire du Harcou\u00ebt\"\n\t\t\t><\/iframe>\n\t\t<\/div>\n\t\t\t\t\t\t<\/div>\n\t\t\t\t<\/div>\n\t\t\t\t\t<\/div>\n\t\t\t\t<\/div>\n\t\t<div class=\"elementor-element elementor-element-d7851f2 e-flex e-con-boxed e-con e-parent\" data-id=\"d7851f2\" data-element_type=\"container\" data-e-type=\"container\">\n\t\t\t\t\t<div class=\"e-con-inner\">\n\t\t\t\t<div class=\"elementor-element elementor-element-af2e8ca elementor-widget elementor-widget-heading\" data-id=\"af2e8ca\" data-element_type=\"widget\" data-e-type=\"widget\" data-widget_type=\"heading.default\">\n\t\t\t\t\t<h2 class=\"elementor-heading-title elementor-size-default\">Notre vision<\/h2>\t\t\t\t<\/div>\n\t\t\t\t<div class=\"elementor-element elementor-element-8cf014a elementor-widget elementor-widget-text-editor\" data-id=\"8cf014a\" data-element_type=\"widget\" data-e-type=\"widget\" data-widget_type=\"text-editor.default\">\n\t\t\t\t\t\t\t\t\t<p>\u00ab\u00a0\u00catre une communaute\u0301 d&rsquo;hommes et de femmes de tout a\u0302ge et de toutes nations, remplie de la vie de Je\u0301sus, anime\u0301e par la puissance du St Esprit et de\u0301montrant au monde l&rsquo;amour, la gra\u0302ce et la sagesse de Dieu\u00a0\u00bb.<\/p>\t\t\t\t\t\t\t\t<\/div>\n\t\t\t\t<div class=\"elementor-element elementor-element-ebd1216 elementor-widget elementor-widget-heading\" data-id=\"ebd1216\" data-element_type=\"widget\" data-e-type=\"widget\" data-widget_type=\"heading.default\">\n\t\t\t\t\t<h2 class=\"elementor-heading-title elementor-size-default\">Nos valeurs<\/h2>\t\t\t\t<\/div>\n\t\t\t\t<div class=\"elementor-element elementor-element-366d575 elementor-widget elementor-widget-text-editor\" data-id=\"366d575\" data-element_type=\"widget\" data-e-type=\"widget\" data-widget_type=\"text-editor.default\">\n\t\t\t\t\t\t\t\t\t<ul><li>Vivre la gra\u0302ce de Dieu<\/li><li>Se re\u0301jouir dans la louange<\/li><li>Perse\u0301ve\u0301rer dans la prie\u0300re<\/li><li>Aspirer a\u0300 la vie et aux dons du St Esprit<\/li><li>Enseigner la parole de Dieu<\/li><li>Apprendre les uns des autres<\/li><li>De\u0301sirer oeuvrer ensemble<\/li><li>Encourager les dons, les capacite\u0301s et la cre\u0301ativite\u0301 de chacun<\/li><li>Valoriser les familles, les jeunes et les enfants<\/li><li>Cultiver la convivialite\u0301 et l\u2019amitie\u0301<\/li><li>Pratiquer la ge\u0301ne\u0301rosite\u0301<\/li><li>Aller vers les pauvres et les de\u0301munis<\/li><li>Partager la bonne nouvelle de l\u2019E\u0301vangile par notre vie et nos paroles<\/li><li>S\u2019impliquer dans l\u2019implantation de nouvelles e\u0301glises partout dans le monde<\/li><li>Coope\u0301rer avec d&rsquo;autres e\u0301glises sur le plan local, re\u0301gional et international<\/li><li>De\u0301velopper une organisation structure\u0301e qui serve la vision de l\u2019e\u0301glise<\/li><\/ul>\t\t\t\t\t\t\t\t<\/div>\n\t\t\t\t\t<\/div>\n\t\t\t\t<\/div>\n\t\t<div class=\"elementor-element elementor-element-442598c e-flex e-con-boxed e-con e-parent\" data-id=\"442598c\" data-element_type=\"container\" data-e-type=\"container\">\n\t\t\t\t\t<div class=\"e-con-inner\">\n\t\t\t\t<div class=\"elementor-element elementor-element-ef8ef9e elementor-widget elementor-widget-heading\" data-id=\"ef8ef9e\" data-element_type=\"widget\" data-e-type=\"widget\" data-widget_type=\"heading.default\">\n\t\t\t\t\t<h2 class=\"elementor-heading-title elementor-size-default\">Nos responsables<\/h2>\t\t\t\t<\/div>\n\t\t\t\t<div class=\"elementor-element elementor-element-e592ff5 elementor-widget elementor-widget-heading\" data-id=\"e592ff5\" data-element_type=\"widget\" data-e-type=\"widget\" data-widget_type=\"heading.default\">\n\t\t\t\t\t<h4 class=\"elementor-heading-title elementor-size-default\">Karel Stolker<\/h4>\t\t\t\t<\/div>\n\t\t\t\t<div class=\"elementor-element elementor-element-deaaf61 elementor-widget elementor-widget-heading\" data-id=\"deaaf61\" data-element_type=\"widget\" data-e-type=\"widget\" data-widget_type=\"heading.default\">\n\t\t\t\t\t<h4 class=\"elementor-heading-title elementor-size-default\">Paul Hayter<\/h4>\t\t\t\t<\/div>\n\t\t\t\t<div class=\"elementor-element elementor-element-b0ba63c elementor-widget elementor-widget-text-editor\" data-id=\"b0ba63c\" data-element_type=\"widget\" data-e-type=\"widget\" data-widget_type=\"text-editor.default\">\n\t\t\t\t\t\t\t\t\t<p><img decoding=\"async\" class=\"size-medium wp-image-369 alignleft\" src=\"https:\/\/esperance.greengoosemanor.co.uk\/wp-content\/uploads\/2026\/03\/image1-300x180.jpeg\" alt=\"\" width=\"300\" height=\"180\" srcset=\"https:\/\/esperance.greengoosemanor.co.uk\/wp-content\/uploads\/2026\/03\/image1-300x180.jpeg 300w, https:\/\/esperance.greengoosemanor.co.uk\/wp-content\/uploads\/2026\/03\/image1-1024x615.jpeg 1024w, https:\/\/esperance.greengoosemanor.co.uk\/wp-content\/uploads\/2026\/03\/image1-768x461.jpeg 768w, https:\/\/esperance.greengoosemanor.co.uk\/wp-content\/uploads\/2026\/03\/image1-1536x923.jpeg 1536w, https:\/\/esperance.greengoosemanor.co.uk\/wp-content\/uploads\/2026\/03\/image1.jpeg 1816w\" sizes=\"(max-width: 300px) 100vw, 300px\" \/>D\u2019origine britannique, mais naturalis\u00e9 fran\u00e7ais, Paul est mari\u00e9 avec Mandy, et ils ont 4 fils adultes et 7 petits-enfants.<\/p><p>M\u00eame si Mandy a toujours une activit\u00e9 professionnelle (elle est infirmi\u00e8re scolaire), Paul est \u00e0 la retraite, et partage son temps entre la famille, la musique (il joue de la trompette dans deux ensembles rennais), la lecture et des promenades avec son chien &#8211; et, bien s\u00fbr, ses responsabilit\u00e9s dans l\u2019\u00e9glise.<\/p><p>C\u00f4t\u00e9 \u00e9glise, Paul est le plus heureux quand il est en train d\u2019enseigner la Bible, mais il anime \u00e9galement la louange et est pr\u00e9sident de l&rsquo;association 1905. Mandy assure la traduction vers l\u2019anglais de ses pr\u00e9dications, joue du caj\u00f3n dans le groupe de louange et s\u2019occupe de la tr\u00e9sorerie de l\u2019association. Ils accompagnent \u00e9galement d\u2019autres \u00e9glises et implantations de notre famille d\u2019\u00e9glises, par l\u2019amiti\u00e9, des \u00e9changes r\u00e9guliers et des visites.<\/p>\t\t\t\t\t\t\t\t<\/div>\n\t\t\t\t\t<\/div>\n\t\t\t\t<\/div>\n\t\t\t\t<\/div>\n\t\t","protected":false},"excerpt":{"rendered":"<p>Nos r\u00e9unions Contact Nos r\u00e9unions Nos cultes Nos cultes sont d\u00e9contract\u00e9s, mais riches en exp\u00e9rience de la pr\u00e9sence de Dieu, de la solidit\u00e9 de sa Parole et de l\u2019action de son Esprit &#8211; et apr\u00e8s, il y a un repas partag\u00e9. Un culte \u2018typique\u2019 commence par un temps de louange : des chants plut\u00f4t modernes, [&hellip;]<\/p>\n","protected":false},"author":1,"featured_media":56,"parent":0,"menu_order":0,"comment_status":"closed","ping_status":"closed","template":"elementor_header_footer","meta":{"footnotes":""},"class_list":["post-45","page","type-page","status-publish","has-post-thumbnail","hentry"],"_links":{"self":[{"href":"https:\/\/esperance.greengoosemanor.co.uk\/index.php?rest_route=\/wp\/v2\/pages\/45","targetHints":{"allow":["GET"]}}],"collection":[{"href":"https:\/\/esperance.greengoosemanor.co.uk\/index.php?rest_route=\/wp\/v2\/pages"}],"about":[{"href":"https:\/\/esperance.greengoosemanor.co.uk\/index.php?rest_route=\/wp\/v2\/types\/page"}],"author":[{"embeddable":true,"href":"https:\/\/esperance.greengoosemanor.co.uk\/index.php?rest_route=\/wp\/v2\/users\/1"}],"replies":[{"embeddable":true,"href":"https:\/\/esperance.greengoosemanor.co.uk\/index.php?rest_route=%2Fwp%2Fv2%2Fcomments&post=45"}],"version-history":[{"count":41,"href":"https:\/\/esperance.greengoosemanor.co.uk\/index.php?rest_route=\/wp\/v2\/pages\/45\/revisions"}],"predecessor-version":[{"id":420,"href":"https:\/\/esperance.greengoosemanor.co.uk\/index.php?rest_route=\/wp\/v2\/pages\/45\/revisions\/420"}],"wp:featuredmedia":[{"embeddable":true,"href":"https:\/\/esperance.greengoosemanor.co.uk\/index.php?rest_route=\/wp\/v2\/media\/56"}],"wp:attachment":[{"href":"https:\/\/esperance.greengoosemanor.co.uk\/index.php?rest_route=%2Fwp%2Fv2%2Fmedia&parent=45"}],"curies":[{"name":"wp","href":"https:\/\/api.w.org\/{rel}","templated":true}]}}